{"id":361,"date":"2025-09-27T10:05:30","date_gmt":"2025-09-27T10:05:30","guid":{"rendered":"https:\/\/glc-avocat.fr\/?page_id=361"},"modified":"2025-11-30T16:12:39","modified_gmt":"2025-11-30T16:12:39","slug":"reserver-une-consultation","status":"publish","type":"page","link":"https:\/\/glc-avocat.fr\/index.php\/reserver-une-consultation\/","title":{"rendered":"R\u00e9server une consultation"},"content":{"rendered":"\n<p><\/p>\n\n\n\n<p><\/p>\n\n\n\n<h2 class=\"wp-block-heading .justifie { text-align: justify; }\" style=\"font-size:30px\"><mark style=\"background-color:rgba(0, 0, 0, 0)\" class=\"has-inline-color has-base-color\">Ma\u00eetre COULIBALY  vous accueille <strong>sur rendez-vous, du lundi au vendredi<\/strong>, au sein de ses locaux situ\u00e9s <strong>6 rue Deurbroucq \u00e0 Nantes<\/strong>.<\/mark><\/h2>\n\n\n\n<p><\/p>\n\n\n\n<hr class=\"wp-block-separator has-alpha-channel-opacity\"\/>\n\n\n\n<h2 class=\"wp-block-heading\" style=\"font-size:34px\"><mark style=\"background-color:rgba(0, 0, 0, 0)\" class=\"has-inline-color has-base-color\">Pourquoi consulter un avocat \u00e0 Nantes ?<\/mark><\/h2>\n\n\n\n<p><\/p>\n\n\n\n<p style=\"font-size:19px\">La <strong>consultation juridique<\/strong> est une \u00e9tape essentielle pour toute personne confront\u00e9e \u00e0 une question ou \u00e0 un litige. Pendant <strong>45 minutes<\/strong>, nous prenons le temps :<\/p>\n\n\n\n<figure class=\"wp-block-table .justifie { text-align: justify; }\" style=\"font-size:19px\"><table class=\"has-fixed-layout\"><tbody><tr><td>D&rsquo;analyser concr\u00e8tement votre situation, <br>D&rsquo;identifier vos probl\u00e9matiques juridiques, <br>D&rsquo;envisager les diff\u00e9rentes solutions l\u00e9gales qui s&rsquo;offrent \u00e0 vous, <br>De d\u00e9finir une strat\u00e9gie claire pour pr\u00e9server vos droits et vos int\u00e9r\u00eats <\/td><\/tr><\/tbody><\/table><\/figure>\n\n\n\n<p><\/p>\n\n\n\n<hr class=\"wp-block-separator has-alpha-channel-opacity\"\/>\n\n\n\n<h2 class=\"wp-block-heading has-base-color has-text-color has-link-color wp-elements-cbe42b9a88ef67b84b4a3a0b1edd926d\" style=\"font-size:34px\">Une \u00e9coute et des solutions adapt\u00e9es<\/h2>\n\n\n\n<p style=\"font-size:19px\">Cet \u00e9change privil\u00e9gi\u00e9 vous permet d\u2019obtenir :<\/p>\n\n\n\n<figure style=\"font-size:19px\" class=\"wp-block-table\"><table class=\"has-fixed-layout\"><tbody><tr><td>un <strong>accompagnement professionnel<\/strong> pour avancer sereinement<br>des <strong>r\u00e9ponses personnalis\u00e9es<\/strong> \u00e0 vos questions<br>une <strong>vision claire de vos options juridiques<\/strong>.<\/td><\/tr><\/tbody><\/table><\/figure>\n\n\n\n<hr class=\"wp-block-separator has-alpha-channel-opacity\"\/>\n\n\n\n<p><\/p>\n\n\n\n<!-- Calendly inline widget begin -->\n<div class=\"calendly-inline-widget\" data-url=\"https:\/\/calendly.com\/leilacoulibaly01\/consultation-juridique-45-min\" style=\"min-width:320px;height:700px;\"><\/div>\n<script type=\"text\/javascript\" src=\"https:\/\/assets.calendly.com\/assets\/external\/widget.js\" async><\/script>\n<!-- Calendly inline widget end -->\n","protected":false},"excerpt":{"rendered":"<p>Ma\u00eetre COULIBALY vous accueille sur rendez-vous, du lundi au vendredi, au sein de ses locaux situ\u00e9s 6 rue Deurbroucq \u00e0 Nantes. Pourquoi consulter un avocat \u00e0 Nantes ? La consultation juridique est une \u00e9tape essentielle pour toute personne confront\u00e9e \u00e0 une question ou \u00e0 un litige. Pendant 45 minutes, nous prenons le temps : D&rsquo;analyser [&hellip;]<\/p>\n","protected":false},"author":1,"featured_media":0,"parent":0,"menu_order":0,"comment_status":"closed","ping_status":"closed","template":"page-left-sidebar","meta":{"footnotes":""},"class_list":["post-361","page","type-page","status-publish","hentry"],"_links":{"self":[{"href":"https:\/\/glc-avocat.fr\/index.php\/wp-json\/wp\/v2\/pages\/361","targetHints":{"allow":["GET"]}}],"collection":[{"href":"https:\/\/glc-avocat.fr\/index.php\/wp-json\/wp\/v2\/pages"}],"about":[{"href":"https:\/\/glc-avocat.fr\/index.php\/wp-json\/wp\/v2\/types\/page"}],"author":[{"embeddable":true,"href":"https:\/\/glc-avocat.fr\/index.php\/wp-json\/wp\/v2\/users\/1"}],"replies":[{"embeddable":true,"href":"https:\/\/glc-avocat.fr\/index.php\/wp-json\/wp\/v2\/comments?post=361"}],"version-history":[{"count":8,"href":"https:\/\/glc-avocat.fr\/index.php\/wp-json\/wp\/v2\/pages\/361\/revisions"}],"predecessor-version":[{"id":378,"href":"https:\/\/glc-avocat.fr\/index.php\/wp-json\/wp\/v2\/pages\/361\/revisions\/378"}],"wp:attachment":[{"href":"https:\/\/glc-avocat.fr\/index.php\/wp-json\/wp\/v2\/media?parent=361"}],"curies":[{"name":"wp","href":"https:\/\/api.w.org\/{rel}","templated":true}]}}