{"id":781,"date":"2026-05-11T16:38:56","date_gmt":"2026-05-11T16:38:56","guid":{"rendered":"https:\/\/glc-avocat.fr\/?page_id=781"},"modified":"2026-05-12T21:08:30","modified_gmt":"2026-05-12T21:08:30","slug":"avocat-droit-des-mineurs-nantes","status":"publish","type":"page","link":"https:\/\/glc-avocat.fr\/index.php\/domaines-dintervention\/avocat-droit-des-mineurs-nantes\/","title":{"rendered":"Droit des mineurs"},"content":{"rendered":"\n<section id=\"section-32c1d2c3-5e2f-4823-a46b-18bcf04bfb23\" class=\"wp-block-gutentor-content-box gutentor-section gutentor-content-box-wrapper content-template1 wow animated slideInLeft\" data-wow-animation=\"slideInLeft\" data-wow-duration=\"3s\" data-wow-iteration=\"1\"><div class=\"grid-container\"><div class=\"gutentor-block-header\"><div class=\"gutentor-section-title text-center\"><h2 class=\"gutentor-title\"> <strong>Ma\u00eetre COULIBALY avocate en droit des mineurs<\/strong><br>Nantes et Loire-Atlantique<\/h2><\/div><\/div><div class=\"grid-row gutentor-grid-item-wrap\"><div class=\"gutentor-grid-column grid-lg-6 grid-md-6 grid-12\"><div class=\"gutentor-single-item gutentor-single-item-0\"><div class=\"gutentor-single-item-wrap\"><div class=\"gutentor-single-item-content\"><p class=\"gutentor-single-item-desc\">La protection des mineurs et la d\u00e9fense de leurs int\u00e9r\u00eats n\u00e9cessitent une approche \u00e0 la fois rigoureuse, humaine et particuli\u00e8rement attentive aux enjeux familiaux, \u00e9ducatifs et psychologiques de chaque situation.<br><br>Le Cabinet intervient en droit des mineurs afin d\u2019accompagner les enfants, adolescents et leurs familles dans des proc\u00e9dures souvent sensibles et complexes, devant le juge des enfants, le juge aux affaires familiales ou les juridictions p\u00e9nales.<br><br><\/p><\/div><\/div><\/div><\/div><div class=\"gutentor-grid-column grid-lg-6 grid-md-6 grid-12\"><div class=\"gutentor-single-item gutentor-single-item-1\"><div class=\"gutentor-single-item-wrap\"><div class=\"gutentor-single-item-content\"><p class=\"gutentor-single-item-desc\">Engag\u00e9e dans la d\u00e9fense des droits de l\u2019enfant, Ma\u00eetre Ma\u00eetre COULIBALY a consacr\u00e9 ses travaux de fin d\u2019\u00e9tudes \u00e0 la question de l\u2019int\u00e9r\u00eat sup\u00e9rieur de l\u2019enfant dans le contentieux familial. <br><br>Cette r\u00e9flexion approfondie nourrit aujourd\u2019hui une pratique fond\u00e9e sur l\u2019\u00e9coute, la protection du mineur et la recherche de solutions adapt\u00e9es \u00e0 chaque situation.<br><br>Le Cabinet intervient \u00e0 Nantes et dans l\u2019ensemble de la Loire-Atlantique afin d\u2019assurer une d\u00e9fense attentive et engag\u00e9e des int\u00e9r\u00eats du mineur.<\/p><\/div><\/div><\/div><\/div><\/div><\/div><\/section>\n\n\n\n<div id=\"section-g-rqynr36\" class=\"wp-block-gutentor-e2 section-g-rqynr36 gutentor-element gutentor-element-button\"><span class=\"gutentor-button-wrap\"><a class=\"gutentor-button gutentor-block-button gutentor-icon-hide\" href=\"\/\/glc-avocat.fr\/index.php\/reserver-une-consultation\/\"><i class=\"gutentor-button-icon fas fa-book\"><\/i><span>Contacter Ma\u00eetre COULIBALY<\/span><\/a><\/span><\/div>\n\n\n\n<section id=\"g-n6k113x\" class=\"wp-block-gutentor-m2 section-g-n6k113x gutentor-module gutentor-dynamic-columns wow slideInUp\" data-wow-animation=\"slideInUp\" data-wow-duration=\"3s\" data-wow-iteration=\"1\"><div class=\"grid-container\"><div class=\"grid-row\">\n<div id=\"col-g-atte8aa\" class=\"wp-block-gutentor-m2-col col-g-atte8aa gutentor-module gutentor-dynamic-single-column grid-lg-6 grid-md-4 grid-12\"><div id=\"section-g-atte8aa\" class=\"section-g-atte8aa gutentor-single-col\">\n<h2 class=\"wp-block-heading has-text-align-center\">Assistance \u00e9ducative et audition du mineur<\/h2>\n\n\n\n<div id=\"section-g-qfb1l41\" class=\"wp-block-gutentor-e0 section-g-qfb1l41 gutentor-element gutentor-element-advanced-text text-align-justify-desktop\"><div class=\"gutentor-text-wrap\"><p class=\"gutentor-text\">Le Cabinet accompagne les mineurs et leurs repr\u00e9sentants l\u00e9gaux dans les proc\u00e9dures relevant de la protection de l\u2019enfance et du contentieux familial.<br><br>Ma\u00eetre COULIBALY intervient notamment en mati\u00e8re :<br><br>-d\u2019assistance \u00e9ducative devant le juge des enfants ;<br>-de placement ;<br>-d\u2019audition du mineur devant le juge aux affaires familiales ;<br>-de conflits parentaux impactant l\u2019enfant ;<br><br>Elle veille \u00e0 assurer une d\u00e9fense respectueuse de l\u2019int\u00e9r\u00eat sup\u00e9rieur de l\u2019enfant tout en accompagnant les familles avec humanit\u00e9 et clart\u00e9.<\/p><\/div><\/div>\n<\/div><\/div>\n\n\n\n<div id=\"col-g-jadl686\" class=\"wp-block-gutentor-m2-col col-g-jadl686 gutentor-module gutentor-dynamic-single-column grid-lg-6 grid-md-4 grid-12\"><div id=\"section-g-jadl686\" class=\"section-g-jadl686 gutentor-single-col\">\n<h2 class=\"wp-block-heading has-text-align-center\">Droit p\u00e9nal des mineurs<br><\/h2>\n\n\n\n<div id=\"section-g-a1gn1sc\" class=\"wp-block-gutentor-e0 section-g-a1gn1sc gutentor-element gutentor-element-advanced-text text-align-justify-desktop\"><div class=\"gutentor-text-wrap\"><p class=\"gutentor-text\">Ma\u00eetre COULIBALY intervient \u00e9galement en droit p\u00e9nal des mineurs afin d\u2019assister les enfants et adolescents poursuivis devant les juridictions p\u00e9nales.<br><br>Le Cabinet accompagne le mineur \u00e0 chaque \u00e9tape de la proc\u00e9dure :<br><br>-garde \u00e0 vue ;<br>-audition ;<br>-audience de culpabilit\u00e9 ;<br>-audience de sanction ;<br><br>Le Cabinet privil\u00e9gie une d\u00e9fense individualis\u00e9e tenant compte de la personnalit\u00e9, du parcours et de la situation familiale du jeune concern\u00e9.<\/p><\/div><\/div>\n<\/div><\/div>\n\n\n\n<div id=\"col-g-1vnc498\" class=\"wp-block-gutentor-m2-col col-g-1vnc498 gutentor-module gutentor-dynamic-single-column grid-lg-6 grid-md-4 grid-12\"><div id=\"section-g-1vnc498\" class=\"section-g-1vnc498 gutentor-single-col\"><\/div><\/div>\n<\/div><\/div><\/section>\n\n\n\n<section id=\"section-32ee8c8a-bc0a-4570-8822-12feb0659cd6\" class=\"wp-block-gutentor-accordion gutentor-section gutentor-accordion-wrapper accordion-template1 has-color-bg has-custom-bg wow animated zoomIn\" data-wow-animation=\"zoomIn\" data-wow-duration=\"3s\" data-wow-iteration=\"1\"><div class=\"grid-container\"><div class=\"gutentor-block-header\"><div class=\"gutentor-section-title enable-title-design seperator-bottom text-center\"><h2 class=\"gutentor-title\">Les garanties apport\u00e9es par le Cabinet<\/h2><\/div><\/div><div class=\"grid-row gutentor-grid-item-wrap\"><div class=\"grid-md-12\"><div class=\"gutentor-accordion-wrap\"><div class=\"gutentor-single-item gutentor-single-item-0\"><div class=\"gutentor-single-item-wrap\"><div class=\"gutentor-accordion-heading\"><i class=\"gutentor-accordion-icon open-icon fas fa-plus\"><\/i><i class=\"gutentor-accordion-icon close-icon fas fa-minus\"><\/i><h3 class=\"gutentor-single-item-title\">Une d\u00e9fense humaine et engag\u00e9e<\/h3><\/div><div class=\"gutentor-accordion-body\"><p class=\"gutentor-single-item-desc\">Chaque dossier impliquant un mineur n\u00e9cessite une attention particuli\u00e8re, tant sur le plan juridique qu\u2019humain. <br><br>Le Cabinet veille \u00e0 instaurer une relation de confiance avec le mineur et sa famille afin de permettre des \u00e9changes sereins, accessibles et confidentiels.<br><br>Conscient des enjeux \u00e9motionnels et familiaux souvent pr\u00e9sents dans ce type de proc\u00e9dure, le Cabinet privil\u00e9gie une approche fond\u00e9e sur l\u2019\u00e9coute, la p\u00e9dagogie et la bienveillance, tout en assurant une d\u00e9fense rigoureuse des int\u00e9r\u00eats du mineur.<br><br><\/p><\/div><\/div><\/div><\/div><div class=\"gutentor-accordion-wrap\"><div class=\"gutentor-single-item gutentor-single-item-1\"><div class=\"gutentor-single-item-wrap\"><div class=\"gutentor-accordion-heading\"><i class=\"gutentor-accordion-icon open-icon fas fa-plus\"><\/i><i class=\"gutentor-accordion-icon close-icon fas fa-minus\"><\/i><h3 class=\"gutentor-single-item-title\">Une r\u00e9activit\u00e9 \u00e0 chaque \u00e9tape de la proc\u00e9dure<\/h3><\/div><div class=\"gutentor-accordion-body\"><p class=\"gutentor-single-item-desc\">Les proc\u00e9dures impliquant des mineurs n\u00e9cessitent fr\u00e9quemment des interventions rapides et une grande disponibilit\u00e9. <br><br>Qu\u2019il s\u2019agisse d\u2019une convocation urgente, d\u2019une audience devant le juge des enfants ou d\u2019une proc\u00e9dure p\u00e9nale, le Cabinet veille \u00e0 assurer un suivi r\u00e9actif et efficace du dossier.<br><br>Ma\u00eetre COULIBALY accompagne ses clients \u00e0 chaque \u00e9tape :<br><br>-pr\u00e9paration des audiences ;<br>-explication des d\u00e9cisions rendues ;<br>-\u00e9changes avec les juridictions et intervenants sociaux ;<br>-constitution rapide des pi\u00e8ces n\u00e9cessaires ;<br>-suivi r\u00e9gulier de l\u2019\u00e9volution du dossier.<br><br>Cette r\u00e9activit\u00e9 permet d\u2019assurer une d\u00e9fense pleinement investie et adapt\u00e9e aux enjeux de chaque situation.<\/p><\/div><\/div><\/div><\/div><div class=\"gutentor-accordion-wrap\"><div class=\"gutentor-single-item gutentor-single-item-2\"><div class=\"gutentor-single-item-wrap\"><div class=\"gutentor-accordion-heading\"><i class=\"gutentor-accordion-icon open-icon fas fa-plus\"><\/i><i class=\"gutentor-accordion-icon close-icon fas fa-minus\"><\/i><h3 class=\"gutentor-single-item-title\">Un accompagnement adapt\u00e9 \u00e0 vos besoins<\/h3><\/div><div class=\"gutentor-accordion-body\"><p class=\"gutentor-single-item-desc\">Chaque situation familiale et chaque parcours de vie \u00e9tant diff\u00e9rents, le Cabinet propose un accompagnement personnalis\u00e9 tenant compte :<br><br>-de l\u2019\u00e2ge du mineur ;<br>-du contexte familial ;<br>-des difficult\u00e9s rencontr\u00e9es ;<br>-des objectifs recherch\u00e9s ;<br>-de l\u2019urgence de la situation.<br><br>Le Cabinet prend le temps d\u2019analyser votre dossier avec attention afin de construire une strat\u00e9gie adapt\u00e9e et compr\u00e9hensible, tant pour le mineur que pour sa famille.<\/p><\/div><\/div><\/div><\/div><\/div><\/div><\/div><\/section>\n\n\n\n<section id=\"section-d5ef605c-09bb-4f34-9016-c539f0482954\" class=\"wp-block-gutentor-advanced-columns gutentor-section gutentor-advanced-columns\"><div class=\"grid-container\"><div class=\"grid-row\">\n<section id=\"section-a03c262a-d42e-402f-b358-fb184a088ba8\" class=\"wp-block-gutentor-single-column gutentor-single-column  grid-lg-8 grid-md-7 grid-12\">\n<div id=\"section-g-cj6rkn3\" class=\"wp-block-gutentor-e2 section-g-cj6rkn3 gutentor-element gutentor-element-button\"><span class=\"gutentor-button-wrap\"><a class=\"gutentor-button gutentor-block-button gutentor-icon-hide\" href=\"\/\/glc-avocat.fr\/index.php\/reserver-une-consultation\/\"><i class=\"gutentor-button-icon fas fa-book\"><\/i><span>Cliquez ici pour r\u00e9server une consultation<\/span><\/a><\/span><\/div>\n<\/section>\n\n\n\n<section id=\"section-447f2e52-97ed-41e7-a71d-f7386e8d9f00\" class=\"wp-block-gutentor-single-column gutentor-single-column  grid-lg-4 grid-md-5 grid-12\">\n<section id=\"section-de07aeb7-4b92-4c16-80a2-6cba894d35e5\" class=\"wp-block-gutentor-content-box gutentor-section gutentor-content-box-wrapper content-template1 has-color-bg has-custom-bg wow animated rotateIn\" data-wow-animation=\"rotateIn\" data-wow-duration=\"3s\" data-wow-iteration=\"1\"><div class=\"grid-container\"><div class=\"gutentor-block-header\"><div class=\"gutentor-section-title text-left\"><h2 class=\"gutentor-title\">Cabinet d&rsquo;Avocat- Ma\u00eetre COULIBALY<\/h2><\/div><\/div><div class=\"grid-row gutentor-grid-item-wrap\"><div class=\"gutentor-grid-column grid-lg-12 grid-md-12 grid-12\"><div class=\"gutentor-single-item gutentor-single-item-0\"><div class=\"gutentor-single-item-wrap\"><div class=\"gutentor-single-item-content\"><h3 class=\"gutentor-single-item-title\">T\u00e9l\u00e9phone<\/h3><p class=\"gutentor-single-item-desc\">+33 6 04 09 87 88<\/p><\/div><\/div><\/div><\/div><div class=\"gutentor-grid-column grid-lg-12 grid-md-12 grid-12\"><div class=\"gutentor-single-item gutentor-single-item-1\"><div class=\"gutentor-single-item-wrap\"><div class=\"gutentor-single-item-content\"><h3 class=\"gutentor-single-item-title\">E-mail<\/h3><p class=\"gutentor-single-item-desc\">Contact@glc-avocat.fr<\/p><\/div><\/div><\/div><\/div><div class=\"gutentor-grid-column grid-lg-12 grid-md-12 grid-12\"><div class=\"gutentor-single-item gutentor-single-item-2\"><div class=\"gutentor-single-item-wrap\"><div class=\"gutentor-single-item-content\"><h3 class=\"gutentor-single-item-title\">Adresse<\/h3><p class=\"gutentor-single-item-desc\">06 rue Deurbroucq<br>44000 Nantes<\/p><\/div><\/div><\/div><\/div><\/div><\/div><\/section>\n<\/section>\n<\/div><\/div><\/section>\n","protected":false},"excerpt":{"rendered":"","protected":false},"author":1,"featured_media":0,"parent":777,"menu_order":0,"comment_status":"closed","ping_status":"closed","template":"blank","meta":{"_seopress_robots_primary_cat":"","_seopress_titles_title":"","_seopress_titles_desc":"","_seopress_robots_index":"","footnotes":""},"class_list":["post-781","page","type-page","status-publish","hentry"],"_links":{"self":[{"href":"https:\/\/glc-avocat.fr\/index.php\/wp-json\/wp\/v2\/pages\/781","targetHints":{"allow":["GET"]}}],"collection":[{"href":"https:\/\/glc-avocat.fr\/index.php\/wp-json\/wp\/v2\/pages"}],"about":[{"href":"https:\/\/glc-avocat.fr\/index.php\/wp-json\/wp\/v2\/types\/page"}],"author":[{"embeddable":true,"href":"https:\/\/glc-avocat.fr\/index.php\/wp-json\/wp\/v2\/users\/1"}],"replies":[{"embeddable":true,"href":"https:\/\/glc-avocat.fr\/index.php\/wp-json\/wp\/v2\/comments?post=781"}],"version-history":[{"count":4,"href":"https:\/\/glc-avocat.fr\/index.php\/wp-json\/wp\/v2\/pages\/781\/revisions"}],"predecessor-version":[{"id":900,"href":"https:\/\/glc-avocat.fr\/index.php\/wp-json\/wp\/v2\/pages\/781\/revisions\/900"}],"up":[{"embeddable":true,"href":"https:\/\/glc-avocat.fr\/index.php\/wp-json\/wp\/v2\/pages\/777"}],"wp:attachment":[{"href":"https:\/\/glc-avocat.fr\/index.php\/wp-json\/wp\/v2\/media?parent=781"}],"curies":[{"name":"wp","href":"https:\/\/api.w.org\/{rel}","templated":true}]}}