{"id":882,"date":"2026-05-12T20:19:35","date_gmt":"2026-05-12T20:19:35","guid":{"rendered":"https:\/\/glc-avocat.fr\/?page_id=882"},"modified":"2026-05-12T21:37:39","modified_gmt":"2026-05-12T21:37:39","slug":"avocat-droit-des-baux-nantes","status":"publish","type":"page","link":"https:\/\/glc-avocat.fr\/index.php\/domaines-dintervention\/avocat-droit-des-baux-nantes\/","title":{"rendered":"Droit des baux"},"content":{"rendered":"\n<section id=\"section-32c1d2c3-5e2f-4823-a46b-18bcf04bfb23\" class=\"wp-block-gutentor-content-box gutentor-section gutentor-content-box-wrapper content-template1\"><div class=\"grid-container\"><div class=\"gutentor-block-header\"><div class=\"gutentor-section-title text-center wow animated slideInLeft\" data-wow-animation=\"slideInLeft\" data-wow-duration=\"3s\" data-wow-iteration=\"1\"><h2 class=\"gutentor-title\"> <strong>Ma\u00eetre COULIBALY &#8211; Avocate en droit des baux <\/strong><br>Nantes et Loire-Atlantique<\/h2><\/div><\/div><div class=\"grid-row gutentor-grid-item-wrap wow animated slideInLeft\" data-wow-animation=\"slideInLeft\" data-wow-duration=\"3s\" data-wow-iteration=\"1\"><div class=\"gutentor-grid-column grid-lg-6 grid-md-6 grid-12\"><div class=\"gutentor-single-item gutentor-single-item-0\"><div class=\"gutentor-single-item-wrap\"><div class=\"gutentor-single-item-content\"><p class=\"gutentor-single-item-desc\">Le Cabinet accompagne locataires et propri\u00e9taires dans la gestion des litiges li\u00e9s aux baux d\u2019habitation, en privil\u00e9giant une approche \u00e0 la fois rigoureuse, accessible et humaine.<br><\/p><\/div><\/div><\/div><\/div><div class=\"gutentor-grid-column grid-lg-6 grid-md-6 grid-12\"><div class=\"gutentor-single-item gutentor-single-item-1\"><div class=\"gutentor-single-item-wrap\"><div class=\"gutentor-single-item-content\"><p class=\"gutentor-single-item-desc\">Ma\u00eetre COULIBALY intervient \u00e0 chaque \u00e9tape afin de s\u00e9curiser votre situation et d\u00e9fendre efficacement vos int\u00e9r\u00eats \u00e0 Nantes et dans l\u2019ensemble de la Loire-Atlantique.<\/p><\/div><\/div><\/div><\/div><\/div><\/div><\/section>\n\n\n\n<div id=\"section-g-9a1tl43\" class=\"wp-block-gutentor-e2 section-g-9a1tl43 gutentor-element gutentor-element-button wow slideInLeft\" data-wow-animation=\"slideInLeft\" data-wow-duration=\"3s\"><span class=\"gutentor-button-wrap\"><a class=\"gutentor-button gutentor-block-button gutentor-icon-hide\" href=\"https:\/\/glc-avocat.fr\/index.php\/domaines-dintervention\/droit-de-la-famille-nantes\/\"><i class=\"gutentor-button-icon fas fa-book\"><\/i><span>Contacter Ma\u00eetre COULIBALY<\/span><\/a><\/span><\/div>\n\n\n\n<section id=\"g-mfm7v1l\" class=\"wp-block-gutentor-m4 section-g-mfm7v1l gutentor-module gutentor-advanced-columns wow slideInUp\" data-wow-animation=\"slideInUp\" data-wow-duration=\"3s\" data-wow-iteration=\"1\"><div class=\"grid-container\"><div class=\"grid-row\">\n<div id=\"col-g-k67f5o5\" class=\"wp-block-gutentor-m4-col col-g-k67f5o5 gutentor-single-column  grid-lg-5 grid-md-12 grid-12\"><div id=\"section-g-k67f5o5\" class=\"section-g-k67f5o5 gutentor-col-wrap\">\n<h2 class=\"wp-block-heading has-text-align-center\">Relations locatives et gestion des conflits<\/h2>\n\n\n\n<div id=\"section-g-rmgi13j\" class=\"wp-block-gutentor-e0 section-g-rmgi13j gutentor-element gutentor-element-advanced-text text-align-justify-desktop\"><div class=\"gutentor-text-wrap\"><p class=\"gutentor-text\">Le Cabinet vous assiste dans les difficult\u00e9s rencontr\u00e9es au cours de l\u2019ex\u00e9cution du bail d\u2019habitation:<br><br>-loyers impay\u00e9s ;<br>-troubles de voisinage ;<br>-cong\u00e9 du locataire ou du bailleur ;<br>-restitution du d\u00e9p\u00f4t de garantie.<br><br>Chaque situation est analys\u00e9e avec attention afin de rechercher des solutions concr\u00e8tes, adapt\u00e9es \u00e0 votre situation personnelle et patrimoniale.<\/p><\/div><\/div>\n<\/div><\/div>\n\n\n\n<div id=\"col-g-rqdqh19\" class=\"wp-block-gutentor-m4-col col-g-rqdqh19 gutentor-single-column  grid-lg-7 grid-md-12 grid-12\"><div id=\"section-g-rqdqh19\" class=\"section-g-rqdqh19 gutentor-col-wrap\">\n<h2 class=\"wp-block-heading has-text-align-center\">D\u00e9fense des locataires et des propri\u00e9taires<\/h2>\n\n\n\n<div id=\"section-g-s7g87x8\" class=\"wp-block-gutentor-e0 section-g-s7g87x8 gutentor-element gutentor-element-advanced-text text-align-justify-desktop\"><div class=\"gutentor-text-wrap\"><p class=\"gutentor-text\"><br>Le Cabinet accompagne aussi bien les locataires que les bailleurs dans le cadre de proc\u00e9dures amiables ou contentieuses.<br><br>Ma\u00eetre COULIBALY intervient notamment pour :<br>-mise en demeure ;<br>-proc\u00e9dure d\u2019expulsion ;<br>-contestation de cong\u00e9 ;<br>-recouvrement de loyers ;<br><br><br>L\u2019objectif est de s\u00e9curiser vos droits tout en privil\u00e9giant, lorsque cela est possible, une r\u00e9solution efficace et apais\u00e9e du conflit.<\/p><\/div><\/div>\n<\/div><\/div>\n<\/div><\/div><\/section>\n\n\n\n<section id=\"section-32ee8c8a-bc0a-4570-8822-12feb0659cd6\" class=\"wp-block-gutentor-accordion gutentor-section gutentor-accordion-wrapper accordion-template1 has-color-bg has-custom-bg\"><div class=\"grid-container\"><div class=\"gutentor-block-header\"><div class=\"gutentor-section-title enable-title-design seperator-bottom text-center\"><h2 class=\"gutentor-title\">Les garanties offertes par le Cabinet <\/h2><\/div><\/div><div class=\"grid-row gutentor-grid-item-wrap wow animated zoomIn\" data-wow-animation=\"zoomIn\" data-wow-duration=\"3s\" data-wow-iteration=\"1\"><div class=\"grid-md-12\"><div class=\"gutentor-accordion-wrap\"><div class=\"gutentor-single-item gutentor-single-item-0\"><div class=\"gutentor-single-item-wrap\"><div class=\"gutentor-accordion-heading\"><i class=\"gutentor-accordion-icon open-icon fas fa-plus\"><\/i><i class=\"gutentor-accordion-icon close-icon fas fa-minus\"><\/i><h3 class=\"gutentor-single-item-title\">Une d\u00e9fense humaine et engag\u00e9e<\/h3><\/div><div class=\"gutentor-accordion-body\"><p class=\"gutentor-single-item-desc\">Ma\u00eetre COULIBALY accorde une place essentielle \u00e0 l\u2019\u00e9coute et au dialogue afin de comprendre votre situation dans toutes ses dimensions. <br><br>\u00catre accompagn\u00e9 par un avocat, c\u2019est aussi pouvoir \u00eatre entendu, conseill\u00e9 et soutenu dans des moments souvent \u00e9prouvants.<br><br>Le Cabinet veille \u00e0 d\u00e9fendre vos int\u00e9r\u00eats avec s\u00e9rieux et implication, tout en recherchant des solutions adapt\u00e9es \u00e0 votre \u00e9quilibre familial lorsque cela est possible<\/p><\/div><\/div><\/div><\/div><div class=\"gutentor-accordion-wrap\"><div class=\"gutentor-single-item gutentor-single-item-1\"><div class=\"gutentor-single-item-wrap\"><div class=\"gutentor-accordion-heading\"><i class=\"gutentor-accordion-icon open-icon fas fa-plus\"><\/i><i class=\"gutentor-accordion-icon close-icon fas fa-minus\"><\/i><h3 class=\"gutentor-single-item-title\">Une r\u00e9activit\u00e9 \u00e0 toutes les \u00e9tapes de la proc\u00e9dure<\/h3><\/div><div class=\"gutentor-accordion-body\"><p class=\"gutentor-single-item-desc\">Parce qu\u2019un litige locatif peut rapidement devenir source de stress et d\u2019incertitude, le Cabinet veille \u00e0 assurer un suivi disponible, transparent et r\u00e9actif.<br><br>Vous b\u00e9n\u00e9ficiez :<br><br>-d\u2019explications claires ;<br>-d\u2019un accompagnement personnalis\u00e9 ;<br>-d\u2019\u00e9changes facilit\u00e9s avec le Cabinet ;<br>-d\u2019une strat\u00e9gie adapt\u00e9e \u00e0 votre situation.<br><br>Le Cabinet intervient aupr\u00e8s des juridictions comp\u00e9tentes \u00e0 Nantes et en Loire-Atlantique afin de d\u00e9fendre vos int\u00e9r\u00eats avec rigueur et implication.<\/p><\/div><\/div><\/div><\/div><div class=\"gutentor-accordion-wrap\"><div class=\"gutentor-single-item gutentor-single-item-2\"><div class=\"gutentor-single-item-wrap\"><div class=\"gutentor-accordion-heading\"><i class=\"gutentor-accordion-icon open-icon fas fa-plus\"><\/i><i class=\"gutentor-accordion-icon close-icon fas fa-minus\"><\/i><h3 class=\"gutentor-single-item-title\">Un accompagnement adapt\u00e9 \u00e0 vos besoins<\/h3><\/div><div class=\"gutentor-accordion-body\"><p class=\"gutentor-single-item-desc\"><br>Le Cabinet veille \u00e0 vous proposer un accompagnement personnalis\u00e9, construit en fonction de votre situation, de vos priorit\u00e9s et des objectifs recherch\u00e9s.<br><br>Parce qu\u2019un litige en droit des baux d\u2019habitation peut avoir des cons\u00e9quences importantes sur votre quotidien, votre logement ou votre patrimoine,Ma\u00eetre COULIBALY prend le temps d\u2019analyser votre dossier avec attention afin de vous orienter vers la strat\u00e9gie la plus adapt\u00e9e.<br><br>Elle vous accompagne notamment :<br><br>-dans la compr\u00e9hension de vos droits et obligations ;<br>-dans vos d\u00e9marches amiables et n\u00e9gociations ;<br>-dans la constitution de votre dossier ;<br>-lors des \u00e9changes avec la partie adverse ;<br>-devant les juridictions comp\u00e9tentes \u00e0 Nantes et en Loire-Atlantique si une proc\u00e9dure devient n\u00e9cessaire<\/p><\/div><\/div><\/div><\/div><\/div><\/div><\/div><\/section>\n\n\n\n<section id=\"section-d5ef605c-09bb-4f34-9016-c539f0482954\" class=\"wp-block-gutentor-advanced-columns gutentor-section gutentor-advanced-columns\"><div class=\"grid-container\"><div class=\"grid-row\">\n<section id=\"section-a03c262a-d42e-402f-b358-fb184a088ba8\" class=\"wp-block-gutentor-single-column gutentor-single-column  grid-lg-8 grid-md-7 grid-12\">\n<div class=\"wp-block-columns is-layout-flex wp-container-core-columns-is-layout-28f84493 wp-block-columns-is-layout-flex\">\n<div class=\"wp-block-column is-layout-flow wp-block-column-is-layout-flow\" style=\"flex-basis:100%\"><\/div>\n<\/div>\n\n\n\n<div id=\"section-g-bbalrsc\" class=\"wp-block-gutentor-e2 section-g-bbalrsc gutentor-element gutentor-element-button g-pos-d-desktop g-pos-d-tablet g-pos-d-mobile button-align-center-desktop\"><span class=\"gutentor-button-wrap\"><a class=\"gutentor-button gutentor-block-button gutentor-icon-hide\" href=\"\/\/glc-avocat.fr\/index.php\/reserver-une-consultation\/\" target=\"_blank\" rel=\" noopener noreferrer\"><i class=\"gutentor-button-icon fas fa-book\"><\/i><span>Cliquez ici pour r\u00e9server une consultation<\/span><\/a><\/span><\/div>\n<\/section>\n\n\n\n<section id=\"section-447f2e52-97ed-41e7-a71d-f7386e8d9f00\" class=\"wp-block-gutentor-single-column gutentor-single-column  grid-lg-4 grid-md-5 grid-12\">\n<section id=\"section-de07aeb7-4b92-4c16-80a2-6cba894d35e5\" class=\"wp-block-gutentor-content-box gutentor-section gutentor-content-box-wrapper content-template1 has-color-bg has-custom-bg wow animated rotateIn\" data-wow-animation=\"rotateIn\" data-wow-duration=\"3s\" data-wow-iteration=\"1\"><div class=\"grid-container\"><div class=\"gutentor-block-header\"><div class=\"gutentor-section-title text-left\"><h2 class=\"gutentor-title\">Cabinet d&rsquo;Avocat- Ma\u00eetre COULIBALY<\/h2><\/div><\/div><div class=\"grid-row gutentor-grid-item-wrap\"><div class=\"gutentor-grid-column grid-lg-12 grid-md-12 grid-12\"><div class=\"gutentor-single-item gutentor-single-item-0\"><div class=\"gutentor-single-item-wrap\"><div class=\"gutentor-single-item-content\"><h3 class=\"gutentor-single-item-title\">T\u00e9l\u00e9phone<\/h3><p class=\"gutentor-single-item-desc\">+ 33 6 04 09 87 88<\/p><\/div><\/div><\/div><\/div><div class=\"gutentor-grid-column grid-lg-12 grid-md-12 grid-12\"><div class=\"gutentor-single-item gutentor-single-item-1\"><div class=\"gutentor-single-item-wrap\"><div class=\"gutentor-single-item-content\"><h3 class=\"gutentor-single-item-title\">E-mail<\/h3><p class=\"gutentor-single-item-desc\">Contact@glc-avocat.fr<\/p><\/div><\/div><\/div><\/div><div class=\"gutentor-grid-column grid-lg-12 grid-md-12 grid-12\"><div class=\"gutentor-single-item gutentor-single-item-2\"><div class=\"gutentor-single-item-wrap\"><div class=\"gutentor-single-item-content\"><h3 class=\"gutentor-single-item-title\">Adresse<\/h3><p class=\"gutentor-single-item-desc\">06 rue Deurbroucq <br>44000 Nantes<\/p><\/div><\/div><\/div><\/div><\/div><\/div><\/section>\n<\/section>\n<\/div><\/div><\/section>\n","protected":false},"excerpt":{"rendered":"","protected":false},"author":1,"featured_media":0,"parent":777,"menu_order":0,"comment_status":"closed","ping_status":"closed","template":"blank","meta":{"_seopress_robots_primary_cat":"","_seopress_titles_title":"","_seopress_titles_desc":"","_seopress_robots_index":"","footnotes":""},"class_list":["post-882","page","type-page","status-publish","hentry"],"_links":{"self":[{"href":"https:\/\/glc-avocat.fr\/index.php\/wp-json\/wp\/v2\/pages\/882","targetHints":{"allow":["GET"]}}],"collection":[{"href":"https:\/\/glc-avocat.fr\/index.php\/wp-json\/wp\/v2\/pages"}],"about":[{"href":"https:\/\/glc-avocat.fr\/index.php\/wp-json\/wp\/v2\/types\/page"}],"author":[{"embeddable":true,"href":"https:\/\/glc-avocat.fr\/index.php\/wp-json\/wp\/v2\/users\/1"}],"replies":[{"embeddable":true,"href":"https:\/\/glc-avocat.fr\/index.php\/wp-json\/wp\/v2\/comments?post=882"}],"version-history":[{"count":8,"href":"https:\/\/glc-avocat.fr\/index.php\/wp-json\/wp\/v2\/pages\/882\/revisions"}],"predecessor-version":[{"id":908,"href":"https:\/\/glc-avocat.fr\/index.php\/wp-json\/wp\/v2\/pages\/882\/revisions\/908"}],"up":[{"embeddable":true,"href":"https:\/\/glc-avocat.fr\/index.php\/wp-json\/wp\/v2\/pages\/777"}],"wp:attachment":[{"href":"https:\/\/glc-avocat.fr\/index.php\/wp-json\/wp\/v2\/media?parent=882"}],"curies":[{"name":"wp","href":"https:\/\/api.w.org\/{rel}","templated":true}]}}